{"id":38,"date":"2015-04-25T10:27:27","date_gmt":"2015-04-25T13:27:27","guid":{"rendered":"http:\/\/127.0.0.1\/saosalomao\/?page_id=38"},"modified":"2023-01-04T16:04:42","modified_gmt":"2023-01-04T19:04:42","slug":"mestres-e-mestras","status":"publish","type":"page","link":"https:\/\/capoeirasaosalomao.com.br\/index.php\/mestres-e-mestras\/","title":{"rendered":"Mestres e Mestras"},"content":{"rendered":"<p><a href=\"http:\/\/capoeirasaosalomao.com.br\/wp-content\/uploads\/2022\/01\/21586949_10155616096323116_4968929755252184395_o.jpg\" data-rel=\"lightbox-image-0\" data-rl_title=\"\" data-rl_caption=\"\" title=\"\"><img loading=\"lazy\" class=\"wp-image-534 alignleft\" src=\"http:\/\/capoeirasaosalomao.com.br\/wp-content\/uploads\/2022\/01\/21586949_10155616096323116_4968929755252184395_o.jpg\" alt=\"\" width=\"422\" height=\"281\" srcset=\"https:\/\/capoeirasaosalomao.com.br\/wp-content\/uploads\/2022\/01\/21586949_10155616096323116_4968929755252184395_o.jpg 2048w, https:\/\/capoeirasaosalomao.com.br\/wp-content\/uploads\/2022\/01\/21586949_10155616096323116_4968929755252184395_o-300x199.jpg 300w, https:\/\/capoeirasaosalomao.com.br\/wp-content\/uploads\/2022\/01\/21586949_10155616096323116_4968929755252184395_o-1024x681.jpg 1024w, https:\/\/capoeirasaosalomao.com.br\/wp-content\/uploads\/2022\/01\/21586949_10155616096323116_4968929755252184395_o-768x510.jpg 768w, https:\/\/capoeirasaosalomao.com.br\/wp-content\/uploads\/2022\/01\/21586949_10155616096323116_4968929755252184395_o-1536x1021.jpg 1536w\" sizes=\"(max-width: 422px) 100vw, 422px\" \/><\/a><\/p>\n<p><em><strong>Mestre Mago <\/strong><\/em><\/p>\n<p>Ricardo Dias de Sousa Pires, Mestre Mago nasceu no dia 2 de setembro de 1970 em Caruaru, agreste de Pernambuco. Veio morar em Recife aos oito anos de idade a aos doze iniciou sua vida capoeir\u00edstica pelas m\u00e3os do Mestre Mulatinho e do Professor Geo.<\/p>\n<p>Treinou muitos anos com o Mestre Birilo, participando ativamente dos grupos Chap\u00e9u de Couro e Meia Lua Inteira, antes de fundar com seus disc\u00edpulos\/as, em 1997, o Centro de Capoeira S\u00e3o Salom\u00e3o.<\/p>\n<p>Foi reconhecido Mestre, pelo Mestre Mulatinho, em cerim\u00f4nia aberta ao p\u00fablico no dia 20 de outubro de 2004. Participou e organizou diversos projetos e eventos cient\u00edficos, esportivos e culturais de Capoeira, em nosso estado e no Brasil. Foi atleta, t\u00e9cnico e secret\u00e1rio da competi\u00e7\u00e3o de Capoeira no JEP\u2019S (Jogos Escolares de Pernambuco) e no JEB\u2019S (Jogos Escolares Brasileiros), onde se consagrou duas vezes vice-campe\u00e3o brasileiro.<\/p>\n<p>H\u00e1 d\u00e9cadas ajuda a divulgar a Capoeira em Pernambuco, no Brasil, nos EUA e na Europa. Formou quatro turmas de capoeiristas, graduou professores\/as, contramestres, seis mestres e duas mestras. Tem colaborado com a salvaguarda da Capoeira tradicional, Angola e Regional, a partir de uma metodologia in\u00e9dita e singular, desenvolvida no Centro de Capoeira S\u00e3o Salom\u00e3o. Ministra aulas tamb\u00e9m na Escola Arco \u00cdris, na V\u00e1rzea. \u00c9 formado em Educa\u00e7\u00e3o F\u00edsica, pela ESEF\/UPE.<\/p>\n<p><em><strong>Mestra Dani\u00a0<\/strong><\/em> <a href=\"http:\/\/capoeirasaosalomao.com.br\/wp-content\/uploads\/2022\/01\/Mestra-Dani.jpg\" data-rel=\"lightbox-image-1\" data-rl_title=\"\" data-rl_caption=\"\" title=\"\"><img loading=\"lazy\" class=\"wp-image-550 alignright\" src=\"http:\/\/capoeirasaosalomao.com.br\/wp-content\/uploads\/2022\/01\/Mestra-Dani.jpg\" alt=\"\" width=\"370\" height=\"359\" srcset=\"https:\/\/capoeirasaosalomao.com.br\/wp-content\/uploads\/2022\/01\/Mestra-Dani.jpg 1376w, https:\/\/capoeirasaosalomao.com.br\/wp-content\/uploads\/2022\/01\/Mestra-Dani-300x291.jpg 300w, https:\/\/capoeirasaosalomao.com.br\/wp-content\/uploads\/2022\/01\/Mestra-Dani-1024x993.jpg 1024w, https:\/\/capoeirasaosalomao.com.br\/wp-content\/uploads\/2022\/01\/Mestra-Dani-768x745.jpg 768w\" sizes=\"(max-width: 370px) 100vw, 370px\" \/><\/a><\/p>\n<p>Maria Daniela Carneiro Gouveia de Melo, Mestra Dani, nasceu em Recife, Pernambuco, no dia 23 de novembro de 1972. Come\u00e7ou na capoeira em 1985, no Grupo Chap\u00e9u de Couro. Participou da Meia Lua Inteira Associa\u00e7\u00e3o de Capoeira e ajudou a fundar o Centro de Capoeira S\u00e3o Salom\u00e3o. Competiu na modalidade capoeira em v\u00e1rios campeonatos ao longo do Brasil, destacando-se em todos eles, inclusive no JEB\u2019S, no qual se consagrou vice-campe\u00e3 por duas vezes. \u00c9 formada em Marketing e tem Mestrado em Administra\u00e7\u00e3o pela UFPE, com estudos na \u00e1rea da Gest\u00e3o Cultural. Atualmente \u00e9 professora de escola t\u00e9cnica, da rede p\u00fablica estadual de Pernambuco. Foi reconhecida Mestra em 2016 pelo Mestre Mago. \u00c9 cofundadora do Projeto \u00c9 Cor de Rosa Choque e ministra aulas de capoeira no Centro de Capoeira S\u00e3o Salom\u00e3o.<\/p>\n<p style=\"text-align: left;\"><em><strong>Mestre Aranha<\/strong><\/em><a href=\"http:\/\/capoeirasaosalomao.com.br\/wp-content\/uploads\/2022\/01\/Screenshot_20220124-151254.jpg\" data-rel=\"lightbox-image-2\" data-rl_title=\"\" data-rl_caption=\"\" title=\"\"><img loading=\"lazy\" class=\"wp-image-572 alignleft\" src=\"http:\/\/capoeirasaosalomao.com.br\/wp-content\/uploads\/2022\/01\/Screenshot_20220124-151254.jpg\" alt=\"\" width=\"228\" height=\"293\" srcset=\"https:\/\/capoeirasaosalomao.com.br\/wp-content\/uploads\/2022\/01\/Screenshot_20220124-151254.jpg 1048w, https:\/\/capoeirasaosalomao.com.br\/wp-content\/uploads\/2022\/01\/Screenshot_20220124-151254-234x300.jpg 234w, https:\/\/capoeirasaosalomao.com.br\/wp-content\/uploads\/2022\/01\/Screenshot_20220124-151254-797x1024.jpg 797w, https:\/\/capoeirasaosalomao.com.br\/wp-content\/uploads\/2022\/01\/Screenshot_20220124-151254-768x986.jpg 768w\" sizes=\"(max-width: 228px) 100vw, 228px\" \/><\/a><\/p>\n<p>Lennon Rog\u00e9rio Santos de Almeida, Mestre Aranha, nasceu em Recife no dia 16 de julho de 1972. Iniciou na capoeira em 1987 no Grupo Chap\u00e9u de Couro. Participou de v\u00e1rias apresenta\u00e7\u00f5es art\u00edsticas de capoeira no estado. Foi reconhecido Mestre em 2016, pelo Mestre Mago. Desde 2004 mudou-se para a It\u00e1lia, onde at\u00e9 hoje desenvolve um trabalho educativo com capoeira nas cidades de Roma, Trento, P\u00e1dova, Rovereto e Matera. \u00c9 formado em percuss\u00e3o pelo Conservat\u00f3rio de M\u00fasica de Pernambuco.<\/p>\n<p><a href=\"http:\/\/capoeirasaosalomao.com.br\/wp-content\/uploads\/2022\/01\/WhatsApp-Image-2022-01-17-at-15.22.26.jpeg\" data-rel=\"lightbox-image-3\" data-rl_title=\"\" data-rl_caption=\"\" title=\"\"><img loading=\"lazy\" class=\"wp-image-532 alignright\" src=\"http:\/\/capoeirasaosalomao.com.br\/wp-content\/uploads\/2022\/01\/WhatsApp-Image-2022-01-17-at-15.22.26.jpeg\" alt=\"\" width=\"306\" height=\"455\" srcset=\"https:\/\/capoeirasaosalomao.com.br\/wp-content\/uploads\/2022\/01\/WhatsApp-Image-2022-01-17-at-15.22.26.jpeg 661w, https:\/\/capoeirasaosalomao.com.br\/wp-content\/uploads\/2022\/01\/WhatsApp-Image-2022-01-17-at-15.22.26-202x300.jpeg 202w\" sizes=\"(max-width: 306px) 100vw, 306px\" \/><\/a><\/p>\n<p><strong><em>Mestra Bel<\/em><\/strong><\/p>\n<p>Izabel Cristina de Ara\u00fajo Cordeiro, Mestra Bel, nasceu em 24 de fevereiro de 1966, em Olinda, Pernambuco. Come\u00e7ou na Capoeira em 1989, com Mestre Corisco, no Grupo Chap\u00e9u de Couro. Treinou com Mestre Salvador em 1991, em Campinas &#8211; S\u00e3o Paulo e desde 1992, est\u00e1 como aluna e disc\u00edpula do Mestre Mago, sendo consagrada mestra por ele, em 2016. \u00c9 licenciada em Educa\u00e7\u00e3o F\u00edsica pela UFPE, Especialista em Recrea\u00e7\u00e3o e Lazer pela UNICAMP, Mestra em Antropologia e Doutora em Hist\u00f3ria tamb\u00e9m pela UFPE. Trabalhou como Professora Adjunta da ESEF\/UPE de 1996 a 2021(hoje est\u00e1 aposentada). Criou em 2009, com um coletivo de mulheres do Centro de Capoeira S\u00e3o Salom\u00e3o, o Projeto \u00c9 Cor de Rosa Choque, projeto de empoderamento da mulher capoeirista. Viajou representando Pernambuco em outros estados do Brasil, na Europa e EUA. Atualmente ministra aulas de Capoeira na Escola Arco \u00cdris e no Centro de Capoeira S\u00e3o Salom\u00e3o.<\/p>\n<p style=\"text-align: left;\"><a href=\"http:\/\/capoeirasaosalomao.com.br\/wp-content\/uploads\/2022\/01\/Matuto.jpeg\" data-rel=\"lightbox-image-4\" data-rl_title=\"\" data-rl_caption=\"\" title=\"\"><img loading=\"lazy\" class=\"wp-image-545 alignleft\" src=\"http:\/\/capoeirasaosalomao.com.br\/wp-content\/uploads\/2022\/01\/Matuto.jpeg\" alt=\"\" width=\"377\" height=\"280\" srcset=\"https:\/\/capoeirasaosalomao.com.br\/wp-content\/uploads\/2022\/01\/Matuto.jpeg 720w, https:\/\/capoeirasaosalomao.com.br\/wp-content\/uploads\/2022\/01\/Matuto-300x223.jpeg 300w\" sizes=\"(max-width: 377px) 100vw, 377px\" \/><\/a><em><strong>Mestre Matuto<\/strong><\/em><\/p>\n<p>Cl\u00e1udio F\u00e9lix da Silva, Mestre Matuto, nasceu na cidade de Paudalho, Zona da Mata de Pernambuco, em 18 de setembro de 1970. Desde os treze anos brincava de capoeira nas ruas de sua cidade. Em 1990 fez aulas com Mestre Meia Noite, ainda em sua cidade natal. Veio morar em Recife em 1993 e se vinculou a Meia Lua Inteira Associa\u00e7\u00e3o de Capoeira. Em 1997 ajudou a fundar o Centro de Capoeira S\u00e3o Salom\u00e3o. Em 2016 foi reconhecido Mestre pelo Mestre Mago. Hoje mora na It\u00e1lia na cidade de P\u00e1dova, onde desenvolve um trabalho educativo e cultural com a capoeira. Tem tamb\u00e9m experi\u00eancias na \u00e1rea de gastronomia, com especialidade em crepes e saladas, \u00e1rea na qual j\u00e1 realizou consultorias em v\u00e1rios restaurantes de Pernambuco.<\/p>\n<p><a href=\"http:\/\/capoeirasaosalomao.com.br\/wp-content\/uploads\/2022\/01\/WhatsApp-Image-2022-01-17-at-15.21.33.jpeg\" data-rel=\"lightbox-image-5\" data-rl_title=\"\" data-rl_caption=\"\" title=\"\"><img loading=\"lazy\" class=\"wp-image-533 alignright\" src=\"http:\/\/capoeirasaosalomao.com.br\/wp-content\/uploads\/2022\/01\/WhatsApp-Image-2022-01-17-at-15.21.33.jpeg\" alt=\"\" width=\"310\" height=\"303\" srcset=\"https:\/\/capoeirasaosalomao.com.br\/wp-content\/uploads\/2022\/01\/WhatsApp-Image-2022-01-17-at-15.21.33.jpeg 716w, https:\/\/capoeirasaosalomao.com.br\/wp-content\/uploads\/2022\/01\/WhatsApp-Image-2022-01-17-at-15.21.33-300x293.jpeg 300w\" sizes=\"(max-width: 310px) 100vw, 310px\" \/><\/a><\/p>\n<p><em><strong>Mestre Soneca<\/strong><\/em><\/p>\n<p>Jorge Alexandre da Silva, Mestre Soneca, nasceu na cidade de Recife, Pernambuco, no dia 08 de junho de 1972. Iniciou na capoeira em 1986 em seu bairro no Pina, participou do Grupo Chap\u00e9u de Couro e Meia Lua Inteira e ajudou a fundar o Centro de Capoeira S\u00e3o Salom\u00e3o, sempre se destacando nas apresenta\u00e7\u00f5es art\u00edsticas. Foi reconhecido Mestre em 2016, pelo Mestre Mago. Viajou para v\u00e1rios pa\u00edses representando a capoeira pernambucana. Atualmente fabrica instrumentos da capoeira (berimbau, baquetas e caxixis) e trabalha na pesca artesanal. Ministra aulas no Centro de Capoeira S\u00e3o Salom\u00e3o.<\/p>\n<p><em><strong>Mestre Cabrito<\/strong><\/em><\/p>\n<p>Renato Evangelista de Araujo, Mestre Cabrito, nasceu em Recife no dia 14 de<br \/>\nmaio 1973. Iniciou na Capoeira em 1995, com Mestre Papagaio (Ruy<br \/>\nBandeira). Seguiu o caminho apreendendo com diferentes grupos de capoeira<br \/>\nno Brasil e nos EUA, como ABADA, Ra\u00edzes do Brasil, Nego Gato Capoeira<br \/>\nAngola, FICA e Capoeira Besouro (Mestre Batata). Em 2004, associou-se ao<br \/>\nCentro de Capoeira S\u00e3o Salom\u00e3o (CCSS), sendo orientado pelo Mestre Mago.<br \/>\nNo CCSS teve a oportunidade de conhecer e aprender com diferentes<br \/>\nMestres\/as. Renato de Araujo tem forma\u00e7\u00e3o (gradua\u00e7\u00e3o, mestrado e<br \/>\ndoutorado) em F\u00edsica e \u00e9, desde 2006, professor na Universidade Federal de<br \/>\nPernambuco. Ministrou aulas de capoeira em Pittsburgh (2002) e em<br \/>\nCamaragibe (2011). Em 2014 passou a conduzir aulas de capoeira na sede do<br \/>\nCCSS, no bairro da V\u00e1rzea em Recife. Foi reconhecido Mestre de Capoeira em<br \/>\n2022.<\/p>\n<p style=\"text-align: left;\"><em><strong>Mestre Camar\u00e3o<\/strong><\/em><\/p>\n<p>Jeferson Straatmann, Mestre Camar\u00e3o, nasceu no Par\u00e1 e ainda crian\u00e7a foi<br \/>\nmorar em Ribeir\u00e3o Preto &#8211; SP, onde se iniciou na capoeira, no Grupo Cativeiro<br \/>\nCapoeira, com os Mestres Monteiro e Brech\u00f3. Em 1999, come\u00e7ou a ministrar<br \/>\naulas no CAASO e na creche da Universidade de S\u00e3o Paulo, em S\u00e3o Carlos.<br \/>\nSua trajet\u00f3ria de aprendizado inclui os encontros com o Mestre Ti\u00e3o Preto,<br \/>\nMestre Miguel Machado e Mestre Izael Teixeira, fundamentais no entendimento<br \/>\nmais amplo da Capoeira e suas responsabilidades. Entre os anos de 2007 e<br \/>\n2010 morou em Recife, vivenciando, aprendendo e contribuindo com o Centro<br \/>\nde Capoeira S\u00e3o Salom\u00e3o, sob orienta\u00e7\u00e3o do Mestre Mago. Em 2013,<br \/>\nparticipou da funda\u00e7\u00e3o do Sankofa Capoeira em S\u00e3o Carlos, mantendo a<br \/>\nliga\u00e7\u00e3o afetiva e de capoeira com o Centro de Capoeira S\u00e3o Salom\u00e3o, que se<br \/>\nampliou com seu retorno para morar em Pernambuco. Foi consagrado como<br \/>\nMestre de Capoeira, em 2022, por essa associa\u00e7\u00e3o cultural.<\/p>\n","protected":false},"excerpt":{"rendered":"<p>Mestre Mago Ricardo Dias de Sousa Pires, Mestre Mago nasceu no dia 2 de setembro de 1970 em Caruaru, agreste de Pernambuco. Veio morar em Recife aos oito anos de idade a aos doze&#46;&#46;&#46;<\/p>\n","protected":false},"author":1,"featured_media":0,"parent":0,"menu_order":0,"comment_status":"closed","ping_status":"closed","template":"","meta":[],"_links":{"self":[{"href":"https:\/\/capoeirasaosalomao.com.br\/index.php\/wp-json\/wp\/v2\/pages\/38"}],"collection":[{"href":"https:\/\/capoeirasaosalomao.com.br\/index.php\/wp-json\/wp\/v2\/pages"}],"about":[{"href":"https:\/\/capoeirasaosalomao.com.br\/index.php\/wp-json\/wp\/v2\/types\/page"}],"author":[{"embeddable":true,"href":"https:\/\/capoeirasaosalomao.com.br\/index.php\/wp-json\/wp\/v2\/users\/1"}],"replies":[{"embeddable":true,"href":"https:\/\/capoeirasaosalomao.com.br\/index.php\/wp-json\/wp\/v2\/comments?post=38"}],"version-history":[{"count":13,"href":"https:\/\/capoeirasaosalomao.com.br\/index.php\/wp-json\/wp\/v2\/pages\/38\/revisions"}],"predecessor-version":[{"id":609,"href":"https:\/\/capoeirasaosalomao.com.br\/index.php\/wp-json\/wp\/v2\/pages\/38\/revisions\/609"}],"wp:attachment":[{"href":"https:\/\/capoeirasaosalomao.com.br\/index.php\/wp-json\/wp\/v2\/media?parent=38"}],"curies":[{"name":"wp","href":"https:\/\/api.w.org\/{rel}","templated":true}]}}