{"id":2,"date":"2015-04-24T19:00:01","date_gmt":"2015-04-24T19:00:01","guid":{"rendered":"http:\/\/127.0.0.1\/saosalomao\/?page_id=2"},"modified":"2023-01-04T15:52:52","modified_gmt":"2023-01-04T18:52:52","slug":"quem_somos","status":"publish","type":"page","link":"https:\/\/capoeirasaosalomao.com.br\/index.php\/quem_somos\/","title":{"rendered":"Quem somos e o que fazemos"},"content":{"rendered":"<p>O Centro de Capoeira S\u00e3o Salom\u00e3o, reconhecido pelo Minist\u00e9rio da Cultura em 2009 como Ponto de Cultura, foi fundado em 28 de junho de 1997 no bairro do Pina, em Recife. \u00c9 uma entidade cultural, sem fins lucrativos, de direito privado e foi criada com o intuito de ser um espa\u00e7o de cultivo da Capoeira tradicional, especificamente no que diz respeito \u00e0 continuidade e utiliza\u00e7\u00e3o de seus saberes e fazeres como possibilidade educativa e assistencial.<\/p>\n<p>At\u00e9 novembro de 2013 nossa sede estava localizada no bairro do Pina, na Galeria Joana D\u2019arc, quando a dire\u00e7\u00e3o desta galeria n\u00e3o quis mais renovar nosso contrato, sob a alega\u00e7\u00e3o de que n\u00e3o mais correspond\u00edamos ao perfil do espa\u00e7o, no qual funcionamos desde nossa funda\u00e7\u00e3o. Tentamos encontrar outros espa\u00e7os no bairro, mas n\u00e3o tivemos sucesso. O Pina nessa \u00e9poca passava por um processo de moderniza\u00e7\u00e3o e sofisticou-se com a chegada do JCPM, Shopping Rio Mar, v\u00e1rios empresariais de grande porte, a via mangue e a especula\u00e7\u00e3o imobili\u00e1ria das grandes construtoras, inviabilizando assim nossa continuidade no bairro e na comunidade.<br \/>\nEm nossa busca encontramos um espa\u00e7o para abrigar nossa nova sede no bairro da V\u00e1rzea, que \u00e9 uma comunidade muito rica culturalmente, contudo como no bairro do Pina, possui\u00a0tamb\u00e9m <strong>Zonas Especiais de Interesse Social (ZEIS):\u00a0<\/strong>Rosa Selvagem, Vila Arraes, Brasilit, S\u00edtio Wanderley e Campo do Banco. S\u00e3o principalmente com os\/as moradores\/as dessas zonas que desenvolvemos hoje nossos projetos.<\/p>\n<p>Como Escola de Capoeira funcionamos atrav\u00e9s da colabora\u00e7\u00e3o dos\/as associados\/as e parceiros\/as. Abrigamos v\u00e1rios projetos e a\u00e7\u00f5es socioculturais, dentre eles e elas: Caxinguel\u00eas, Cine Mandinga, \u00c9 Cor de Rosa Choque e o Caxinguel\u00eas Jovem. Todas nossas a\u00e7\u00f5es e projetos s\u00e3o inclu\u00eddos na perspectiva da salvaguarda da Capoeira como Patrim\u00f4nio Cultural de natureza imaterial do povo brasileiro.<\/p>\n<p>Nesse tempo j\u00e1 realizamos<\/p>\n<ul>\n<li>XXV Batizados de capoeira e troca de gradua\u00e7\u00f5es;<\/li>\n<li>Cinco formaturas de professores\/as de capoeira;<\/li>\n<li>Tr\u00eas formaturas de Mestres e Mestras;<\/li>\n<li>Um encontro internacional;<\/li>\n<li>Cinco interc\u00e2mbios culturais de capoeira entre Brasil, It\u00e1lia, Portugal, Su\u00ed\u00e7a e EUA;<\/li>\n<li>Vinte e um Encontros de Capoeira Angola<\/li>\n<li>Treze Encontros de Capoeira Regional;<\/li>\n<li>Treze Encontros Feminino de Capoeira<\/li>\n<li>Grava\u00e7\u00e3o de quatro CD\u2019s de capoeira.<\/li>\n<\/ul>\n<p>Nosso grupo tamb\u00e9m tem n\u00facleos de trabalho na It\u00e1lia, nas cidades de Roma, P\u00e1dova, Orvieto, Trento, Rovereto e Matera.<\/p>\n<p><a href=\"http:\/\/capoeirasaosalomao.com.br\/wp-content\/uploads\/2015\/04\/caxingueles.jpg\" data-rel=\"lightbox-image-0\" data-rl_title=\"\" data-rl_caption=\"\" title=\"\"><img loading=\"lazy\" width=\"300\" height=\"167\" class=\" size-medium wp-image-18 alignleft\" src=\"http:\/\/capoeirasaosalomao.com.br\/wp-content\/uploads\/2015\/04\/caxingueles-300x167.jpg\" alt=\"caxingueles\" srcset=\"https:\/\/capoeirasaosalomao.com.br\/wp-content\/uploads\/2015\/04\/caxingueles-300x167.jpg 300w, https:\/\/capoeirasaosalomao.com.br\/wp-content\/uploads\/2015\/04\/caxingueles.jpg 419w\" sizes=\"(max-width: 300px) 100vw, 300px\" \/><\/a><\/p>\n<p><strong>O Projeto Caxinguel\u00eas\u00a0<\/strong>\u00e9 uma iniciativa do Centro de Capoeira S\u00e3o Salom\u00e3o, no qual procuramos atrav\u00e9s da Capoeira em todo seu conte\u00fado hist\u00f3rico\/cultural, expresso nas m\u00fasicas, gestos e rituais criar as condi\u00e7\u00f5es para um verdadeiro encontro educativo. O nome do projeto, Caxinguel\u00eas, faz refer\u00eancia \u00e0s crian\u00e7as que no s\u00e9culo XIX iam \u00e0 frente das bandas de frevo como abre-alas. Isso traz uma liga\u00e7\u00e3o hist\u00f3rica dos nossos alunos\/as com a Capoeira e o Frevo, fortalecendo sua identidade cultural, como condi\u00e7\u00e3o essencial para seu autoconhecimento, como cidad\u00e3os\/as.<\/p>\n<p>O projeto busca resguardar e socializar as tradi\u00e7\u00f5es e saberes pr\u00f3prios da Capoeira, seus Mestres\/as e contribuir no processo educacional das crian\u00e7as e adolescentes, garantindo um espa\u00e7o para continuidade dessa manifesta\u00e7\u00e3o em Pernambuco. Neste Projeto, oferecemos: Oficina de Leitura e Escrita, Oficina de M\u00fasica, Oficina Capoeira, Oficina de Confec\u00e7\u00e3o de Instrumentos e Artesanato, Oficina de Cultura Popular e Aulas Passeio.<\/p>\n<p><strong>O Projeto Caxinguel\u00eas j\u00e1 produziu:<\/strong><\/p>\n<ul>\n<li>Um livreto escrito coletivamente com os alunos em 2004;<\/li>\n<li>Um v\u00eddeo institucional sobre o Projeto;<\/li>\n<li>Grava\u00e7\u00e3o de uma faixa no terceiro CD do grupo;<\/li>\n<li>Participa\u00e7\u00e3o em v\u00e1rios campeonatos e festivais de capoeira, m\u00fasica, dan\u00e7a e teatro, dos quais se destacou v\u00e1rias vezes por alcan\u00e7ar as primeiras coloca\u00e7\u00f5es,<\/li>\n<li>Apresenta\u00e7\u00e3o de tr\u00eas espet\u00e1culos teatrais de culmin\u00e2ncia dos trabalhos das oficinas do Projeto nos anos de 2008, 2009, 2010;<\/li>\n<li>Mais de trinta exibi\u00e7\u00f5es do Cine Mandinga com filmes e document\u00e1rios de significativa relev\u00e2ncia social, cultural e educativa;<\/li>\n<li>Forma\u00e7\u00e3o de cinco capoeiristas como professores e dois contramestres, dos quais tr\u00eas conseguiram a partir das experi\u00eancias do Projeto ingressar tamb\u00e9m na universidade.<\/li>\n<li>Muitos hoje s\u00e3o multiplicadores dos saberes e fazeres aprendidos no Projeto.<\/li>\n<\/ul>\n<p><strong>O Cine Mandinga<\/strong>\u00a0\u00e9 uma iniciativa\u00a0do nosso <img loading=\"lazy\" width=\"300\" height=\"154\" class=\" size-medium wp-image-19 alignright\" src=\"http:\/\/capoeirasaosalomao.com.br\/wp-content\/uploads\/2015\/04\/2-300x154.jpg\" alt=\"2\" srcset=\"https:\/\/capoeirasaosalomao.com.br\/wp-content\/uploads\/2015\/04\/2-300x154.jpg 300w, https:\/\/capoeirasaosalomao.com.br\/wp-content\/uploads\/2015\/04\/2.jpg 449w\" sizes=\"(max-width: 300px) 100vw, 300px\" \/><span style=\"font-size: revert; color: initial;\"> Centro de Capoeira, que estimula a comunidade na qual o Centro est\u00e1 inserido a ver, discutir e refletir sobre o cinema como arte que comunica.<\/span><\/p>\n<p>Tem como objetivo a constru\u00e7\u00e3o de uma plateia cr\u00edtica e conhecedora de sua cultura, atrav\u00e9s da experi\u00eancia e h\u00e1bito de assistir filmes com conte\u00fado significativos, que retratam e discutem a realidade e cotidiano deste p\u00fablico potencial. A tem\u00e1tica da Capoeira est\u00e1 presente em muitos desses filmes que selecionamos.<\/p>\n<p>Com uma vasta produ\u00e7\u00e3o cinematogr\u00e1fica, o estado de Pernambuco, possui cineastas reconhecidos\/as e premiados\/as no Brasil e outros pa\u00edses. Com isso, preferencialmente, escolhemos filmes de produ\u00e7\u00e3o local para que seja poss\u00edvel, convidar o\/a cineasta ou produtor\/a respons\u00e1vel para ap\u00f3s cada se\u00e7\u00e3o, termos rodas de di\u00e1logo com a plateia, potencializando a capacidade de discuss\u00e3o e entendimento da constru\u00e7\u00e3o art\u00edstica.<\/p>\n<p><a href=\"http:\/\/capoeirasaosalomao.com.br\/wp-content\/uploads\/2015\/04\/3.jpg\" data-rel=\"lightbox-image-1\" data-rl_title=\"\" data-rl_caption=\"\" title=\"\"><img loading=\"lazy\" width=\"300\" height=\"259\" class=\" size-medium wp-image-20 alignleft\" src=\"http:\/\/capoeirasaosalomao.com.br\/wp-content\/uploads\/2015\/04\/3-300x259.jpg\" alt=\"3\" srcset=\"https:\/\/capoeirasaosalomao.com.br\/wp-content\/uploads\/2015\/04\/3-300x259.jpg 300w, https:\/\/capoeirasaosalomao.com.br\/wp-content\/uploads\/2015\/04\/3.jpg 317w\" sizes=\"(max-width: 300px) 100vw, 300px\" \/><\/a><\/p>\n<p><strong>\u201c\u00c9 Cor de Rosa Choque\u201d<\/strong>\u00a0\u00e9 um projeto do Centro de Capoeira S\u00e3o Salom\u00e3o destinado as mulheres e tem como principal objetivo ser um espa\u00e7o de empoderamento e aprendizagem para as capoeiristas de Pernambuco iniciantes, iniciadas ou que queiram entrar no universo da arte capoeira.<\/p>\n<p>Os encontros acontecem uma vez por m\u00eas, e incluem treinos, rodas, cantorias, aulas de instrumentos e principalmente rodas de di\u00e1logo, nas quais se debatem temas do cotidiano vivido pelas capoeiristas dentro e fora da roda.<\/p>\n<p><strong>O projeto iniciou no dia 31 de janeiro de 2009 e j\u00e1 produziu:<\/strong><\/p>\n<ul>\n<li>Um livro de depoimentos das capoeiristas mais antigas de Pernambuco, A MULHER ENTROU NA RODA olhares femininos sobre a Capoeira de Pernambuco;<\/li>\n<li>Um DVD document\u00e1rio: A MULHER ENTROU NA RODA;<\/li>\n<li>Treze Encontros Femininos de Capoeira: A Mulher Entrou Na Roda.<\/li>\n<li>Faixa no CD comemorativo dos 20 anos do Centro de Capoeira S\u00e3o Salom\u00e3o \u00c9 FUTURO \u00c9 PASSADO<\/li>\n<\/ul>\n<p><a href=\"http:\/\/capoeirasaosalomao.com.br\/wp-content\/uploads\/2015\/04\/4.jpg\" data-rel=\"lightbox-image-2\" data-rl_title=\"\" data-rl_caption=\"\" title=\"\"><img loading=\"lazy\" width=\"300\" height=\"158\" class=\" size-medium wp-image-21 alignright\" src=\"http:\/\/capoeirasaosalomao.com.br\/wp-content\/uploads\/2015\/04\/4-300x158.jpg\" alt=\"4\" srcset=\"https:\/\/capoeirasaosalomao.com.br\/wp-content\/uploads\/2015\/04\/4-300x158.jpg 300w, https:\/\/capoeirasaosalomao.com.br\/wp-content\/uploads\/2015\/04\/4.jpg 510w\" sizes=\"(max-width: 300px) 100vw, 300px\" \/><\/a><strong>Caxinguel\u00eas Jovem<\/strong>\u00a0\u00e9 mais uma a\u00e7\u00e3o do nosso Centro, para atender jovens entre quatorze e vinte e cinco anos dos bairros do Pina e Bras\u00edlia Formosa. Foi um projeto financiado pelo FUNCULTURA na linha de Patrim\u00f4nio. Portanto visa \u00e0 salvaguarda da Capoeira enquanto Patrim\u00f4nio de natureza imaterial do Brasil, real\u00e7ando seus saberes e fazeres e o of\u00edcio dos mestres\/as dessa arte. O projeto est\u00e1 em funcionamento, mesmo depois da finaliza\u00e7\u00e3o do financiamento. Promovendo aulas e rodas, viv\u00eancias com mestres\/as de refer\u00eancia de Pernambuco e outros estados do Brasil.<\/p>\n<p>Al\u00e9m das a\u00e7\u00f5es acima, os e as jovens participam de todas as atividades do Centro.<\/p>\n","protected":false},"excerpt":{"rendered":"<p>O Centro de Capoeira S\u00e3o Salom\u00e3o, reconhecido pelo Minist\u00e9rio da Cultura em 2009 como Ponto de Cultura, foi fundado em 28 de junho de 1997 no bairro do Pina, em Recife. \u00c9 uma entidade&#46;&#46;&#46;<\/p>\n","protected":false},"author":1,"featured_media":0,"parent":0,"menu_order":0,"comment_status":"closed","ping_status":"closed","template":"","meta":[],"_links":{"self":[{"href":"https:\/\/capoeirasaosalomao.com.br\/index.php\/wp-json\/wp\/v2\/pages\/2"}],"collection":[{"href":"https:\/\/capoeirasaosalomao.com.br\/index.php\/wp-json\/wp\/v2\/pages"}],"about":[{"href":"https:\/\/capoeirasaosalomao.com.br\/index.php\/wp-json\/wp\/v2\/types\/page"}],"author":[{"embeddable":true,"href":"https:\/\/capoeirasaosalomao.com.br\/index.php\/wp-json\/wp\/v2\/users\/1"}],"replies":[{"embeddable":true,"href":"https:\/\/capoeirasaosalomao.com.br\/index.php\/wp-json\/wp\/v2\/comments?post=2"}],"version-history":[{"count":6,"href":"https:\/\/capoeirasaosalomao.com.br\/index.php\/wp-json\/wp\/v2\/pages\/2\/revisions"}],"predecessor-version":[{"id":607,"href":"https:\/\/capoeirasaosalomao.com.br\/index.php\/wp-json\/wp\/v2\/pages\/2\/revisions\/607"}],"wp:attachment":[{"href":"https:\/\/capoeirasaosalomao.com.br\/index.php\/wp-json\/wp\/v2\/media?parent=2"}],"curies":[{"name":"wp","href":"https:\/\/api.w.org\/{rel}","templated":true}]}}