{"id":4,"date":"2015-04-24T19:38:20","date_gmt":"2015-04-24T22:38:20","guid":{"rendered":"http:\/\/127.0.0.1\/saosalomao\/index.php\/eventos\/"},"modified":"2022-01-24T16:47:00","modified_gmt":"2022-01-24T19:47:00","slug":"eventos","status":"publish","type":"page","link":"http:\/\/capoeirasaosalomao.com.br\/index.php\/eventos\/","title":{"rendered":"Eventos"},"content":{"rendered":"\n<p><\/p>\n\n\n\n<figure class=\"wp-block-gallery columns-3 is-cropped\"><ul class=\"blocks-gallery-grid\"><li class=\"blocks-gallery-item\"><figure><a href=\"http:\/\/capoeirasaosalomao.com.br\/wp-content\/uploads\/2022\/01\/Poli.png\" data-rel=\"lightbox-image-0\" data-rl_title=\"\" data-rl_caption=\"\" title=\"\"><img loading=\"lazy\" width=\"1024\" height=\"1024\" src=\"http:\/\/capoeirasaosalomao.com.br\/wp-content\/uploads\/2022\/01\/Poli-1024x1024.png\" alt=\"\" data-id=\"578\" data-full-url=\"http:\/\/capoeirasaosalomao.com.br\/wp-content\/uploads\/2022\/01\/Poli.png\" data-link=\"http:\/\/capoeirasaosalomao.com.br\/index.php\/eventos\/poli\/\" class=\"wp-image-578\" srcset=\"http:\/\/capoeirasaosalomao.com.br\/wp-content\/uploads\/2022\/01\/Poli-1024x1024.png 1024w, http:\/\/capoeirasaosalomao.com.br\/wp-content\/uploads\/2022\/01\/Poli-300x300.png 300w, http:\/\/capoeirasaosalomao.com.br\/wp-content\/uploads\/2022\/01\/Poli-150x150.png 150w, http:\/\/capoeirasaosalomao.com.br\/wp-content\/uploads\/2022\/01\/Poli-768x768.png 768w, http:\/\/capoeirasaosalomao.com.br\/wp-content\/uploads\/2022\/01\/Poli-80x80.png 80w, http:\/\/capoeirasaosalomao.com.br\/wp-content\/uploads\/2022\/01\/Poli-320x320.png 320w, http:\/\/capoeirasaosalomao.com.br\/wp-content\/uploads\/2022\/01\/Poli.png 1080w\" sizes=\"(max-width: 1024px) 100vw, 1024px\" \/><\/a><figcaption class=\"blocks-gallery-item__caption\">Domingo tem o primeiro Samba na Casa de Salom\u00e3o l\u00e1 no @capoeirasaosalomao.recife com essa turma boa a\u00ed!  Vai ter um monte pratos deliciosos, cerveja gelada e caipirinha!!  Bora!!  Ingressos no local.  Individual &#8211; 15,00 Casadinha &#8211; 25,00 Com um caipirinha inclu\u00edda &#8211; 20,00  Lembrem-se dos protocolos: comprovante vacinal completo e uso de m\u00e1scara.<\/figcaption><\/figure><\/li><li class=\"blocks-gallery-item\"><figure><a href=\"http:\/\/capoeirasaosalomao.com.br\/wp-content\/uploads\/2022\/01\/Ze.png\" data-rel=\"lightbox-image-1\" data-rl_title=\"\" data-rl_caption=\"\" title=\"\"><img loading=\"lazy\" width=\"1024\" height=\"1024\" src=\"http:\/\/capoeirasaosalomao.com.br\/wp-content\/uploads\/2022\/01\/Ze-1024x1024.png\" alt=\"\" data-id=\"579\" data-full-url=\"http:\/\/capoeirasaosalomao.com.br\/wp-content\/uploads\/2022\/01\/Ze.png\" data-link=\"http:\/\/capoeirasaosalomao.com.br\/index.php\/eventos\/ze\/\" class=\"wp-image-579\" srcset=\"http:\/\/capoeirasaosalomao.com.br\/wp-content\/uploads\/2022\/01\/Ze-1024x1024.png 1024w, http:\/\/capoeirasaosalomao.com.br\/wp-content\/uploads\/2022\/01\/Ze-300x300.png 300w, http:\/\/capoeirasaosalomao.com.br\/wp-content\/uploads\/2022\/01\/Ze-150x150.png 150w, http:\/\/capoeirasaosalomao.com.br\/wp-content\/uploads\/2022\/01\/Ze-768x768.png 768w, http:\/\/capoeirasaosalomao.com.br\/wp-content\/uploads\/2022\/01\/Ze-80x80.png 80w, http:\/\/capoeirasaosalomao.com.br\/wp-content\/uploads\/2022\/01\/Ze-320x320.png 320w, http:\/\/capoeirasaosalomao.com.br\/wp-content\/uploads\/2022\/01\/Ze.png 1080w\" sizes=\"(max-width: 1024px) 100vw, 1024px\" \/><\/a><figcaption class=\"blocks-gallery-item__caption\">Domingo tem o primeiro Samba na Casa de Salom\u00e3o l\u00e1 no @capoeirasaosalomao.recife com essa turma boa a\u00ed!  Vai ter um monte pratos deliciosos, cerveja gelada e caipirinha!!  Bora!!  Ingressos no local.  Individual &#8211; 15,00 Casadinha &#8211; 25,00 Com um caipirinha inclu\u00edda &#8211; 20,00  Lembrem-se dos protocolos: comprovante vacinal completo e uso de m\u00e1scara.<\/figcaption><\/figure><\/li><li class=\"blocks-gallery-item\"><figure><a href=\"http:\/\/capoeirasaosalomao.com.br\/wp-content\/uploads\/2022\/01\/Arnaldo.png\" data-rel=\"lightbox-image-2\" data-rl_title=\"\" data-rl_caption=\"\" title=\"\"><img loading=\"lazy\" width=\"1024\" height=\"1024\" src=\"http:\/\/capoeirasaosalomao.com.br\/wp-content\/uploads\/2022\/01\/Arnaldo-1024x1024.png\" alt=\"Domingo tem o primeiro Samba na Casa de Salom\u00e3o l\u00e1 no @capoeirasaosalomao.recife com essa turma boa a\u00ed!  Vai ter um monte pratos deliciosos, cerveja gelada e caipirinha!!  Bora!!  Ingressos no local.  Individual - 15,00 Casadinha - 25,00 Com um caipirinha inclu\u00edda - 20,00  Lembrem-se dos protocolos: comprovante vacinal completo e uso de m\u00e1scara.\" data-id=\"575\" data-full-url=\"http:\/\/capoeirasaosalomao.com.br\/wp-content\/uploads\/2022\/01\/Arnaldo.png\" data-link=\"http:\/\/capoeirasaosalomao.com.br\/index.php\/eventos\/arnaldo\/\" class=\"wp-image-575\" srcset=\"http:\/\/capoeirasaosalomao.com.br\/wp-content\/uploads\/2022\/01\/Arnaldo-1024x1024.png 1024w, http:\/\/capoeirasaosalomao.com.br\/wp-content\/uploads\/2022\/01\/Arnaldo-300x300.png 300w, http:\/\/capoeirasaosalomao.com.br\/wp-content\/uploads\/2022\/01\/Arnaldo-150x150.png 150w, http:\/\/capoeirasaosalomao.com.br\/wp-content\/uploads\/2022\/01\/Arnaldo-768x768.png 768w, http:\/\/capoeirasaosalomao.com.br\/wp-content\/uploads\/2022\/01\/Arnaldo-80x80.png 80w, http:\/\/capoeirasaosalomao.com.br\/wp-content\/uploads\/2022\/01\/Arnaldo-320x320.png 320w, http:\/\/capoeirasaosalomao.com.br\/wp-content\/uploads\/2022\/01\/Arnaldo.png 1080w\" sizes=\"(max-width: 1024px) 100vw, 1024px\" \/><\/a><figcaption class=\"blocks-gallery-item__caption\">Domingo tem o primeiro Samba na Casa de Salom\u00e3o l\u00e1 no @capoeirasaosalomao.recife com essa turma boa a\u00ed!\n\nVai ter um monte pratos deliciosos, cerveja gelada e caipirinha!!\n\nBora!!\n\nIngressos no local.\n\nIndividual &#8211; 15,00\nCasadinha &#8211; 25,00\nCom um caipirinha inclu\u00edda &#8211; 20,00\n\nLembrem-se dos protocolos: comprovante vacinal completo e uso de m\u00e1scara.<\/figcaption><\/figure><\/li><li class=\"blocks-gallery-item\"><figure><a href=\"http:\/\/capoeirasaosalomao.com.br\/wp-content\/uploads\/2022\/01\/Carla-Souta.png\" data-rel=\"lightbox-image-3\" data-rl_title=\"\" data-rl_caption=\"\" title=\"\"><img loading=\"lazy\" width=\"1024\" height=\"1024\" src=\"http:\/\/capoeirasaosalomao.com.br\/wp-content\/uploads\/2022\/01\/Carla-Souta-1024x1024.png\" alt=\"\" data-id=\"576\" data-full-url=\"http:\/\/capoeirasaosalomao.com.br\/wp-content\/uploads\/2022\/01\/Carla-Souta.png\" data-link=\"http:\/\/capoeirasaosalomao.com.br\/index.php\/eventos\/carla-souta\/\" class=\"wp-image-576\" srcset=\"http:\/\/capoeirasaosalomao.com.br\/wp-content\/uploads\/2022\/01\/Carla-Souta-1024x1024.png 1024w, http:\/\/capoeirasaosalomao.com.br\/wp-content\/uploads\/2022\/01\/Carla-Souta-300x300.png 300w, http:\/\/capoeirasaosalomao.com.br\/wp-content\/uploads\/2022\/01\/Carla-Souta-150x150.png 150w, http:\/\/capoeirasaosalomao.com.br\/wp-content\/uploads\/2022\/01\/Carla-Souta-768x768.png 768w, http:\/\/capoeirasaosalomao.com.br\/wp-content\/uploads\/2022\/01\/Carla-Souta-80x80.png 80w, http:\/\/capoeirasaosalomao.com.br\/wp-content\/uploads\/2022\/01\/Carla-Souta-320x320.png 320w, http:\/\/capoeirasaosalomao.com.br\/wp-content\/uploads\/2022\/01\/Carla-Souta.png 1080w\" sizes=\"(max-width: 1024px) 100vw, 1024px\" \/><\/a><figcaption class=\"blocks-gallery-item__caption\">Domingo tem o primeiro Samba na Casa de Salom\u00e3o l\u00e1 no @capoeirasaosalomao.recife com essa turma boa a\u00ed!  Vai ter um monte pratos deliciosos, cerveja gelada e caipirinha!!  Bora!!  Ingressos no local.  Individual &#8211; 15,00 Casadinha &#8211; 25,00 Com um caipirinha inclu\u00edda &#8211; 20,00  Lembrem-se dos protocolos: comprovante vacinal completo e uso de m\u00e1scara.<\/figcaption><\/figure><\/li><li class=\"blocks-gallery-item\"><figure><a href=\"http:\/\/capoeirasaosalomao.com.br\/wp-content\/uploads\/2022\/01\/Marilia.png\" data-rel=\"lightbox-image-4\" data-rl_title=\"\" data-rl_caption=\"\" title=\"\"><img loading=\"lazy\" width=\"1024\" height=\"1024\" src=\"http:\/\/capoeirasaosalomao.com.br\/wp-content\/uploads\/2022\/01\/Marilia-1024x1024.png\" alt=\"\" data-id=\"577\" data-full-url=\"http:\/\/capoeirasaosalomao.com.br\/wp-content\/uploads\/2022\/01\/Marilia.png\" data-link=\"http:\/\/capoeirasaosalomao.com.br\/index.php\/eventos\/marilia\/\" class=\"wp-image-577\" srcset=\"http:\/\/capoeirasaosalomao.com.br\/wp-content\/uploads\/2022\/01\/Marilia-1024x1024.png 1024w, http:\/\/capoeirasaosalomao.com.br\/wp-content\/uploads\/2022\/01\/Marilia-300x300.png 300w, http:\/\/capoeirasaosalomao.com.br\/wp-content\/uploads\/2022\/01\/Marilia-150x150.png 150w, http:\/\/capoeirasaosalomao.com.br\/wp-content\/uploads\/2022\/01\/Marilia-768x768.png 768w, http:\/\/capoeirasaosalomao.com.br\/wp-content\/uploads\/2022\/01\/Marilia-80x80.png 80w, http:\/\/capoeirasaosalomao.com.br\/wp-content\/uploads\/2022\/01\/Marilia-320x320.png 320w, http:\/\/capoeirasaosalomao.com.br\/wp-content\/uploads\/2022\/01\/Marilia.png 1080w\" sizes=\"(max-width: 1024px) 100vw, 1024px\" \/><\/a><figcaption class=\"blocks-gallery-item__caption\">Domingo tem o primeiro Samba na Casa de Salom\u00e3o l\u00e1 no @capoeirasaosalomao.recife com essa turma boa a\u00ed!  Vai ter um monte pratos deliciosos, cerveja gelada e caipirinha!!  Bora!!  Ingressos no local.  Individual &#8211; 15,00 Casadinha &#8211; 25,00 Com um caipirinha inclu\u00edda &#8211; 20,00  Lembrem-se dos protocolos: comprovante vacinal completo e uso de m\u00e1scara.<\/figcaption><\/figure><\/li><\/ul><\/figure>\n","protected":false},"excerpt":{"rendered":"<p>CONTENTS<\/p>\n","protected":false},"author":1,"featured_media":0,"parent":0,"menu_order":0,"comment_status":"closed","ping_status":"closed","template":"","meta":[],"_links":{"self":[{"href":"http:\/\/capoeirasaosalomao.com.br\/index.php\/wp-json\/wp\/v2\/pages\/4"}],"collection":[{"href":"http:\/\/capoeirasaosalomao.com.br\/index.php\/wp-json\/wp\/v2\/pages"}],"about":[{"href":"http:\/\/capoeirasaosalomao.com.br\/index.php\/wp-json\/wp\/v2\/types\/page"}],"author":[{"embeddable":true,"href":"http:\/\/capoeirasaosalomao.com.br\/index.php\/wp-json\/wp\/v2\/users\/1"}],"replies":[{"embeddable":true,"href":"http:\/\/capoeirasaosalomao.com.br\/index.php\/wp-json\/wp\/v2\/comments?post=4"}],"version-history":[{"count":10,"href":"http:\/\/capoeirasaosalomao.com.br\/index.php\/wp-json\/wp\/v2\/pages\/4\/revisions"}],"predecessor-version":[{"id":580,"href":"http:\/\/capoeirasaosalomao.com.br\/index.php\/wp-json\/wp\/v2\/pages\/4\/revisions\/580"}],"wp:attachment":[{"href":"http:\/\/capoeirasaosalomao.com.br\/index.php\/wp-json\/wp\/v2\/media?parent=4"}],"curies":[{"name":"wp","href":"https:\/\/api.w.org\/{rel}","templated":true}]}}